{"id":530,"date":"2024-06-01T21:09:49","date_gmt":"2024-06-01T19:09:49","guid":{"rendered":"http:\/\/paulasainthillier.fr\/?page_id=530"},"modified":"2024-08-21T11:05:23","modified_gmt":"2024-08-21T09:05:23","slug":"a-propos","status":"publish","type":"page","link":"https:\/\/paulasainthillier.fr\/?page_id=530","title":{"rendered":"\u00c0 propos"},"content":{"rendered":"[vc_row thb_divider_position=\u00a0\u00bbbottom\u00a0\u00bb][vc_column width=\u00a0\u00bb1\/2&Prime;][vc_empty_space height=\u00a0\u00bb100px\u00a0\u00bb][vc_column_text]\n<p class=\"p2\"><span style=\"color: #000000;\">Paula Saint-Hillier, dipl\u00f4m\u00e9e de l\u2019\u00e9cole Estienne, compl\u00e8te sa formation en Belgique et au Qu\u00e9bec en reliure d\u2019art, reliure courante et bo\u00eetage. La rigueur technique, la maitrise des mat\u00e9riaux et l\u2019exp\u00e9rimentation sont au c\u0153ur de sa pratique.<\/span><\/p>\n<p class=\"p2\"><span style=\"color: #000000;\">En 2014 elle cr\u00e9e une structure baptis\u00e9e : \u00ab pola \u00bb.<span class=\"Apple-converted-space\">\u00a0 <\/span>Compos\u00e9e principalement d\u2019un double dos souvent sculpt\u00e9 et de rubans apparents au niveau des plats, cette structure \u00e0 mors ouverts permet une ouverture \u00e0 180\u00b0 de l\u2019ouvrage.<\/span><\/p>\n<p class=\"p2\"><span style=\"color: #000000;\">Paula Saint Hillier travaille principalement la pi\u00e8ce unique mais \u00e9galement la petite s\u00e9rie, notamment au sein du duo CSH qu\u2019elle forme avec <a href=\"https:\/\/www.instagram.com\/julquanouai\/\">Jul Quanouai<\/a> (artiste-illustrateur). Leurs ouvrages questionnent les enjeux de la reliure dans sa dimension multiple et sa place dans la conception d\u2019un livre.<\/span><\/p>\n<p class=\"p2\"><span style=\"color: #000000;\">Parall\u00e8lement \u00e0 son travail de recherche, elle r\u00e9alise des commandes pour diff\u00e9rents acteurs du livre (collectionneurs, \u00e9diteurs, libraires, graphistes, photographes, artistes, institutions, etc).<\/span><\/p>\n<p><span style=\"color: #000000;\">Depuis 2023 elle fait partie de la collective d&rsquo;artiste du livre franco-belge <a href=\"https:\/\/bindbendbond.com\/\">bind bend bond<\/a>.<\/span>[\/vc_column_text][\/vc_column][vc_column width=\u00a0\u00bb1\/2&Prime;][\/vc_column][\/vc_row]\n","protected":false},"excerpt":{"rendered":"<p>[vc_row thb_divider_position=\u00a0\u00bbbottom\u00a0\u00bb][vc_column width=\u00a0\u00bb1\/2&Prime;][vc_empty_space height=\u00a0\u00bb100px\u00a0\u00bb][vc_column_text] Paula Saint-Hillier, dipl\u00f4m\u00e9e de l\u2019\u00e9cole Estienne, compl\u00e8te sa formation en Belgique et au Qu\u00e9bec en reliure d\u2019art, reliure courante et bo\u00eetage. La rigueur technique, la maitrise des mat\u00e9riaux et l\u2019exp\u00e9rimentation sont au c\u0153ur de sa pratique. En 2014 elle cr\u00e9e une structure baptis\u00e9e : \u00ab pola \u00bb.\u00a0 Compos\u00e9e principalement d\u2019un double&hellip;<\/p>\n","protected":false},"author":1,"featured_media":0,"parent":0,"menu_order":0,"comment_status":"closed","ping_status":"closed","template":"","meta":{"footnotes":""},"_links":{"self":[{"href":"https:\/\/paulasainthillier.fr\/index.php?rest_route=\/wp\/v2\/pages\/530"}],"collection":[{"href":"https:\/\/paulasainthillier.fr\/index.php?rest_route=\/wp\/v2\/pages"}],"about":[{"href":"https:\/\/paulasainthillier.fr\/index.php?rest_route=\/wp\/v2\/types\/page"}],"author":[{"embeddable":true,"href":"https:\/\/paulasainthillier.fr\/index.php?rest_route=\/wp\/v2\/users\/1"}],"replies":[{"embeddable":true,"href":"https:\/\/paulasainthillier.fr\/index.php?rest_route=%2Fwp%2Fv2%2Fcomments&post=530"}],"version-history":[{"count":30,"href":"https:\/\/paulasainthillier.fr\/index.php?rest_route=\/wp\/v2\/pages\/530\/revisions"}],"predecessor-version":[{"id":935,"href":"https:\/\/paulasainthillier.fr\/index.php?rest_route=\/wp\/v2\/pages\/530\/revisions\/935"}],"wp:attachment":[{"href":"https:\/\/paulasainthillier.fr\/index.php?rest_route=%2Fwp%2Fv2%2Fmedia&parent=530"}],"curies":[{"name":"wp","href":"https:\/\/api.w.org\/{rel}","templated":true}]}}